{"id":144,"date":"2020-04-25T13:40:00","date_gmt":"2020-04-25T11:40:00","guid":{"rendered":"http:\/\/web01.hs-itsolution.de\/?page_id=144"},"modified":"2023-07-20T10:53:16","modified_gmt":"2023-07-20T08:53:16","slug":"weinblog","status":"publish","type":"page","link":"https:\/\/www.weingut-fuhrmann.de\/index.php\/weinblog\/","title":{"rendered":"Weinblog"},"content":{"rendered":"\t\t<div data-elementor-type=\"wp-post\" data-elementor-id=\"144\" class=\"elementor elementor-144\" data-elementor-post-type=\"page\">\n\t\t\t\t\t\t<section class=\"elementor-section elementor-top-section elementor-element elementor-element-8zlih9p elementor-section-stretched elementor-section-boxed elementor-section-height-default elementor-section-height-default\" data-id=\"8zlih9p\" data-element_type=\"section\" data-e-type=\"section\" data-settings=\"{&quot;stretch_section&quot;:&quot;section-stretched&quot;,&quot;background_background&quot;:&quot;classic&quot;}\">\n\t\t\t\t\t\t<div class=\"elementor-container elementor-column-gap-default\">\n\t\t\t\t\t<div class=\"elementor-column elementor-col-100 elementor-top-column elementor-element elementor-element-ioyug8x\" data-id=\"ioyug8x\" data-element_type=\"column\" data-e-type=\"column\" data-settings=\"{&quot;background_background&quot;:&quot;classic&quot;}\">\n\t\t\t<div class=\"elementor-widget-wrap elementor-element-populated\">\n\t\t\t\t\t\t<div class=\"elementor-element elementor-element-v5rn05p elementor-widget__width-auto elementor-widget elementor-widget-spacer\" data-id=\"v5rn05p\" data-element_type=\"widget\" data-e-type=\"widget\" data-widget_type=\"spacer.default\">\n\t\t\t\t<div class=\"elementor-widget-container\">\n\t\t\t\t\t\t\t<div class=\"elementor-spacer\">\n\t\t\t<div class=\"elementor-spacer-inner\"><\/div>\n\t\t<\/div>\n\t\t\t\t\t\t<\/div>\n\t\t\t\t<\/div>\n\t\t\t\t\t<\/div>\n\t\t<\/div>\n\t\t\t\t\t<\/div>\n\t\t<\/section>\n\t\t\t\t<section class=\"elementor-section elementor-top-section elementor-element elementor-element-gxosatd elementor-section-boxed elementor-section-height-default elementor-section-height-default\" data-id=\"gxosatd\" data-element_type=\"section\" data-e-type=\"section\">\n\t\t\t\t\t\t<div class=\"elementor-container elementor-column-gap-default\">\n\t\t\t\t\t<div class=\"elementor-column elementor-col-100 elementor-top-column elementor-element elementor-element-6nw6vw9\" data-id=\"6nw6vw9\" data-element_type=\"column\" data-e-type=\"column\">\n\t\t\t<div class=\"elementor-widget-wrap elementor-element-populated\">\n\t\t\t\t\t\t<div class=\"elementor-element elementor-element-tsipyrl elementor-widget elementor-widget-shortcode\" data-id=\"tsipyrl\" data-element_type=\"widget\" data-e-type=\"widget\" data-widget_type=\"shortcode.default\">\n\t\t\t\t<div class=\"elementor-widget-container\">\n\t\t\t\t\t\t\t<div class=\"elementor-shortcode\">\n\t<div id=\"wpbaw-blog-1\" class=\"blogfree-plugin blog-clearfix \">\n\t\n\t\t\t\t<div id=\"post-8213\" class=\"blog type-blog blog-clearfix wpbaw-blog-class blog-col-0 has-date has-thumb\">\n\t\t\t<div class=\"blog-inner-wrap-view blog-clearfix\">\n\t\t\t\t\t\t\t\t\t<div class=\"blog-thumb\">\n\t\t\t\t\t\t<div class=\"grid-blog-thumb\">\n\t\t\t\t\t\t\t<a href=\"https:\/\/www.weingut-fuhrmann.de\/index.php\/blog-post\/in-rotwein-geschmorter-tafelspitz\/\"><img decoding=\"async\" class=\"wpbaw-blog-img\" src=\"https:\/\/www.weingut-fuhrmann.de\/wp-content\/uploads\/2025\/10\/Bildschirmfoto-2025-10-26-um-20.51.53-1024x687.png\" alt=\"In Rotwein geschmorter Tafelspitz\"\/><\/a>\n\t\t\t\t\t\t<\/div>\n\t\t\t\t\t<\/div>\n\t\t\t\t\n\t\t\t\t<div class=\"blog-content\">\n\t\t\t\t\t\t\t\t\t\t\t\t<div class=\"blog-author\">\n\t\t\t\t\t\t\t\t26. Oktober 2025\t\t\t\t\t\t\t<\/div>\n\t\t\t\t\t\t\n\t\t\t\t\t<div class=\"post-content-text\">\n\t\t\t\t\t\t\t\t\t\t\t\t<h3 class=\"blog-title\"><a href=\"https:\/\/www.weingut-fuhrmann.de\/index.php\/blog-post\/in-rotwein-geschmorter-tafelspitz\/\" rel=\"bookmark\">In Rotwein geschmorter Tafelspitz<\/a><\/h3>\n\t\t\t\t\t\t\t\t\t\t\t\t<div class=\"blog-content-excerpt\">\n\t\t\t\t\t\t\t\t\t\t\t\t\t\t\t<p class=\"blog-short-content\">#soschmecktderherbst Zutaten f\u00fcr 4 Personen: 1,5 kg&nbsp; Tafelspitz 750 ml Kalbsfond 200 g Knollensellerie 2 Lorbeerbl\u00e4tter 3 Flaschen Fuhrmann Dornfelder...<\/p>\n\t\t\t\t\t\t\t\t<a href=\"https:\/\/www.weingut-fuhrmann.de\/index.php\/blog-post\/in-rotwein-geschmorter-tafelspitz\/\" class=\"blog-more-link\"> Lesen Sie weiter<\/a>\n\t\t\t\t\t\t\t\t\t\t\t\t\t<\/div>\n\t\t\t\t\t\t\t\t\t\t\t<\/div>\n\t\t\t\t<\/div>\n\t\t\t<\/div>\n\t\t<\/div>\n\t\t\t\t<div id=\"post-8211\" class=\"blog type-blog blog-clearfix wpbaw-blog-class blog-col-0 has-date has-thumb\">\n\t\t\t<div class=\"blog-inner-wrap-view blog-clearfix\">\n\t\t\t\t\t\t\t\t\t<div class=\"blog-thumb\">\n\t\t\t\t\t\t<div class=\"grid-blog-thumb\">\n\t\t\t\t\t\t\t<a href=\"https:\/\/www.weingut-fuhrmann.de\/index.php\/blog-post\/kuerbis-tarte\/\"><img decoding=\"async\" class=\"wpbaw-blog-img\" src=\"https:\/\/www.weingut-fuhrmann.de\/wp-content\/uploads\/2025\/09\/20250828_211830-1024x940.jpg\" alt=\"K\u00fcrbis Tarte\"\/><\/a>\n\t\t\t\t\t\t<\/div>\n\t\t\t\t\t<\/div>\n\t\t\t\t\n\t\t\t\t<div class=\"blog-content\">\n\t\t\t\t\t\t\t\t\t\t\t\t<div class=\"blog-author\">\n\t\t\t\t\t\t\t\t4. September 2025\t\t\t\t\t\t\t<\/div>\n\t\t\t\t\t\t\n\t\t\t\t\t<div class=\"post-content-text\">\n\t\t\t\t\t\t\t\t\t\t\t\t<h3 class=\"blog-title\"><a href=\"https:\/\/www.weingut-fuhrmann.de\/index.php\/blog-post\/kuerbis-tarte\/\" rel=\"bookmark\">K\u00fcrbis Tarte<\/a><\/h3>\n\t\t\t\t\t\t\t\t\t\t\t\t<div class=\"blog-content-excerpt\">\n\t\t\t\t\t\t\t\t\t\t\t\t\t\t\t<p class=\"blog-short-content\">Zutaten f\u00fcr 1 Tarteform (28 cm): F\u00fcr den Boden: 150 g Mehl 1 \u00bd TL Backpulver 1 TL Salz 75...<\/p>\n\t\t\t\t\t\t\t\t<a href=\"https:\/\/www.weingut-fuhrmann.de\/index.php\/blog-post\/kuerbis-tarte\/\" class=\"blog-more-link\"> Lesen Sie weiter<\/a>\n\t\t\t\t\t\t\t\t\t\t\t\t\t<\/div>\n\t\t\t\t\t\t\t\t\t\t\t<\/div>\n\t\t\t\t<\/div>\n\t\t\t<\/div>\n\t\t<\/div>\n\t\t\t\t<div id=\"post-8071\" class=\"blog type-blog blog-clearfix wpbaw-blog-class blog-col-0 has-date has-thumb\">\n\t\t\t<div class=\"blog-inner-wrap-view blog-clearfix\">\n\t\t\t\t\t\t\t\t\t<div class=\"blog-thumb\">\n\t\t\t\t\t\t<div class=\"grid-blog-thumb\">\n\t\t\t\t\t\t\t<a href=\"https:\/\/www.weingut-fuhrmann.de\/index.php\/blog-post\/fuhrmanns-zwiebelkuchen\/\"><img decoding=\"async\" class=\"wpbaw-blog-img\" src=\"https:\/\/www.weingut-fuhrmann.de\/wp-content\/uploads\/2024\/10\/20241024_121729-1024x641.jpg\" alt=\"Fuhrmanns Zwiebelkuchen\"\/><\/a>\n\t\t\t\t\t\t<\/div>\n\t\t\t\t\t<\/div>\n\t\t\t\t\n\t\t\t\t<div class=\"blog-content\">\n\t\t\t\t\t\t\t\t\t\t\t\t<div class=\"blog-author\">\n\t\t\t\t\t\t\t\t27. Oktober 2024\t\t\t\t\t\t\t<\/div>\n\t\t\t\t\t\t\n\t\t\t\t\t<div class=\"post-content-text\">\n\t\t\t\t\t\t\t\t\t\t\t\t<h3 class=\"blog-title\"><a href=\"https:\/\/www.weingut-fuhrmann.de\/index.php\/blog-post\/fuhrmanns-zwiebelkuchen\/\" rel=\"bookmark\">Fuhrmanns Zwiebelkuchen<\/a><\/h3>\n\t\t\t\t\t\t\t\t\t\t\t\t<div class=\"blog-content-excerpt\">\n\t\t\t\t\t\t\t\t\t\t\t\t\t\t\t<p class=\"blog-short-content\">Zutaten f\u00fcr 1 hohes Backblech\/eckige Springform: F\u00fcr den Teig: 600 g Mehl 120 g Butter 2 Eier 150 ml Fuhrmanns...<\/p>\n\t\t\t\t\t\t\t\t<a href=\"https:\/\/www.weingut-fuhrmann.de\/index.php\/blog-post\/fuhrmanns-zwiebelkuchen\/\" class=\"blog-more-link\"> Lesen Sie weiter<\/a>\n\t\t\t\t\t\t\t\t\t\t\t\t\t<\/div>\n\t\t\t\t\t\t\t\t\t\t\t<\/div>\n\t\t\t\t<\/div>\n\t\t\t<\/div>\n\t\t<\/div>\n\t\t\t\t<div id=\"post-8058\" class=\"blog type-blog blog-clearfix wpbaw-blog-class blog-col-0 has-date has-thumb\">\n\t\t\t<div class=\"blog-inner-wrap-view blog-clearfix\">\n\t\t\t\t\t\t\t\t\t<div class=\"blog-thumb\">\n\t\t\t\t\t\t<div class=\"grid-blog-thumb\">\n\t\t\t\t\t\t\t<a href=\"https:\/\/www.weingut-fuhrmann.de\/index.php\/blog-post\/frose-der-ideale-begleiter-fuer-grillpartys\/\"><img decoding=\"async\" class=\"wpbaw-blog-img\" src=\"https:\/\/www.weingut-fuhrmann.de\/wp-content\/uploads\/2024\/03\/20240316_163053-717x1024.jpg\" alt=\"Fros\u00e9\u00a0 \u2013 der ideale Begleiter f\u00fcr Grillpartys\"\/><\/a>\n\t\t\t\t\t\t<\/div>\n\t\t\t\t\t<\/div>\n\t\t\t\t\n\t\t\t\t<div class=\"blog-content\">\n\t\t\t\t\t\t\t\t\t\t\t\t<div class=\"blog-author\">\n\t\t\t\t\t\t\t\t20. M\u00e4rz 2024\t\t\t\t\t\t\t<\/div>\n\t\t\t\t\t\t\n\t\t\t\t\t<div class=\"post-content-text\">\n\t\t\t\t\t\t\t\t\t\t\t\t<h3 class=\"blog-title\"><a href=\"https:\/\/www.weingut-fuhrmann.de\/index.php\/blog-post\/frose-der-ideale-begleiter-fuer-grillpartys\/\" rel=\"bookmark\">Fros\u00e9\u00a0 \u2013 der ideale Begleiter f\u00fcr Grillpartys<\/a><\/h3>\n\t\t\t\t\t\t\t\t\t\t\t\t<div class=\"blog-content-excerpt\">\n\t\t\t\t\t\t\t\t\t\t\t\t\t\t\t<p class=\"blog-short-content\">Zutaten f\u00fcr 4 Gl\u00e4ser: 1 Flasche Fuhrmann\u00b4s Rotling halbtrocken 500 g Erdbeeren 1 El Zucker 1 unbehandelte Zitrone 4 St\u00e4ngel...<\/p>\n\t\t\t\t\t\t\t\t<a href=\"https:\/\/www.weingut-fuhrmann.de\/index.php\/blog-post\/frose-der-ideale-begleiter-fuer-grillpartys\/\" class=\"blog-more-link\"> Lesen Sie weiter<\/a>\n\t\t\t\t\t\t\t\t\t\t\t\t\t<\/div>\n\t\t\t\t\t\t\t\t\t\t\t<\/div>\n\t\t\t\t<\/div>\n\t\t\t<\/div>\n\t\t<\/div>\n\t\t\t\t<div id=\"post-7999\" class=\"blog type-blog blog-clearfix wpbaw-blog-class blog-col-0 has-date has-thumb\">\n\t\t\t<div class=\"blog-inner-wrap-view blog-clearfix\">\n\t\t\t\t\t\t\t\t\t<div class=\"blog-thumb\">\n\t\t\t\t\t\t<div class=\"grid-blog-thumb\">\n\t\t\t\t\t\t\t<a href=\"https:\/\/www.weingut-fuhrmann.de\/index.php\/blog-post\/fuhrmanns-dornfelder-zwiebel-chutney\/\"><img decoding=\"async\" class=\"wpbaw-blog-img\" src=\"https:\/\/www.weingut-fuhrmann.de\/wp-content\/uploads\/2024\/02\/1000054773-820x1024.jpg\" alt=\"Fuhrmanns Dornfelder Zwiebel Chutney\"\/><\/a>\n\t\t\t\t\t\t<\/div>\n\t\t\t\t\t<\/div>\n\t\t\t\t\n\t\t\t\t<div class=\"blog-content\">\n\t\t\t\t\t\t\t\t\t\t\t\t<div class=\"blog-author\">\n\t\t\t\t\t\t\t\t28. Februar 2024\t\t\t\t\t\t\t<\/div>\n\t\t\t\t\t\t\n\t\t\t\t\t<div class=\"post-content-text\">\n\t\t\t\t\t\t\t\t\t\t\t\t<h3 class=\"blog-title\"><a href=\"https:\/\/www.weingut-fuhrmann.de\/index.php\/blog-post\/fuhrmanns-dornfelder-zwiebel-chutney\/\" rel=\"bookmark\">Fuhrmanns Dornfelder Zwiebel Chutney<\/a><\/h3>\n\t\t\t\t\t\t\t\t\t\t\t\t<div class=\"blog-content-excerpt\">\n\t\t\t\t\t\t\t\t\t\t\t\t\t\t\t<p class=\"blog-short-content\">Zutaten f\u00fcr 2 Schraub-\/Weckgl\u00e4ser \u00e1 250 g: 750 g Zwiebeln 200 g Zucker 250 ml Fuhrmanns Dornfelder trocken 1 EL...<\/p>\n\t\t\t\t\t\t\t\t<a href=\"https:\/\/www.weingut-fuhrmann.de\/index.php\/blog-post\/fuhrmanns-dornfelder-zwiebel-chutney\/\" class=\"blog-more-link\"> Lesen Sie weiter<\/a>\n\t\t\t\t\t\t\t\t\t\t\t\t\t<\/div>\n\t\t\t\t\t\t\t\t\t\t\t<\/div>\n\t\t\t\t<\/div>\n\t\t\t<\/div>\n\t\t<\/div>\n\t\t\t\t<div id=\"post-7334\" class=\"blog type-blog blog-clearfix wpbaw-blog-class blog-col-0 has-date has-thumb\">\n\t\t\t<div class=\"blog-inner-wrap-view blog-clearfix\">\n\t\t\t\t\t\t\t\t\t<div class=\"blog-thumb\">\n\t\t\t\t\t\t<div class=\"grid-blog-thumb\">\n\t\t\t\t\t\t\t<a href=\"https:\/\/www.weingut-fuhrmann.de\/index.php\/blog-post\/so-schmeckt-der-sommer\/\"><img decoding=\"async\" class=\"wpbaw-blog-img\" src=\"https:\/\/www.weingut-fuhrmann.de\/wp-content\/uploads\/2023\/07\/IMG-20230617-WA0020-e1702632798939.jpg\" alt=\"So schmeckt der Sommer!\"\/><\/a>\n\t\t\t\t\t\t<\/div>\n\t\t\t\t\t<\/div>\n\t\t\t\t\n\t\t\t\t<div class=\"blog-content\">\n\t\t\t\t\t\t\t\t\t\t\t\t<div class=\"blog-author\">\n\t\t\t\t\t\t\t\t20. Juli 2023\t\t\t\t\t\t\t<\/div>\n\t\t\t\t\t\t\n\t\t\t\t\t<div class=\"post-content-text\">\n\t\t\t\t\t\t\t\t\t\t\t\t<h3 class=\"blog-title\"><a href=\"https:\/\/www.weingut-fuhrmann.de\/index.php\/blog-post\/so-schmeckt-der-sommer\/\" rel=\"bookmark\">So schmeckt der Sommer!<\/a><\/h3>\n\t\t\t\t\t\t\t\t\t\t\t\t<div class=\"blog-content-excerpt\">\n\t\t\t\t\t\t\t\t\t\t\t\t\t\t\t<p class=\"blog-short-content\">Das ultimative Sommergetr\u00e4nk, f\u00fcr die hei\u00dfen Tage - Limoncello Spritz! Ihr ben\u00f6tigt f\u00fcr 1 Glas: 50 ml Limoncello 150 ml...<\/p>\n\t\t\t\t\t\t\t\t<a href=\"https:\/\/www.weingut-fuhrmann.de\/index.php\/blog-post\/so-schmeckt-der-sommer\/\" class=\"blog-more-link\"> Lesen Sie weiter<\/a>\n\t\t\t\t\t\t\t\t\t\t\t\t\t<\/div>\n\t\t\t\t\t\t\t\t\t\t\t<\/div>\n\t\t\t\t<\/div>\n\t\t\t<\/div>\n\t\t<\/div>\n\t\t\t\t<div id=\"post-5963\" class=\"blog type-blog blog-clearfix wpbaw-blog-class blog-col-0 has-date has-thumb\">\n\t\t\t<div class=\"blog-inner-wrap-view blog-clearfix\">\n\t\t\t\t\t\t\t\t\t<div class=\"blog-thumb\">\n\t\t\t\t\t\t<div class=\"grid-blog-thumb\">\n\t\t\t\t\t\t\t<a href=\"https:\/\/www.weingut-fuhrmann.de\/index.php\/blog-post\/einen-guten-start-ins-neue-jahr\/\"><img decoding=\"async\" class=\"wpbaw-blog-img\" src=\"https:\/\/www.weingut-fuhrmann.de\/wp-content\/uploads\/2022\/01\/IMG-20220112-WA0003-1024x322.jpg\" alt=\"Einen guten Start ins neue Jahr\"\/><\/a>\n\t\t\t\t\t\t<\/div>\n\t\t\t\t\t<\/div>\n\t\t\t\t\n\t\t\t\t<div class=\"blog-content\">\n\t\t\t\t\t\t\t\t\t\t\t\t<div class=\"blog-author\">\n\t\t\t\t\t\t\t\t13. Januar 2022\t\t\t\t\t\t\t<\/div>\n\t\t\t\t\t\t\n\t\t\t\t\t<div class=\"post-content-text\">\n\t\t\t\t\t\t\t\t\t\t\t\t<h3 class=\"blog-title\"><a href=\"https:\/\/www.weingut-fuhrmann.de\/index.php\/blog-post\/einen-guten-start-ins-neue-jahr\/\" rel=\"bookmark\">Einen guten Start ins neue Jahr<\/a><\/h3>\n\t\t\t\t\t\t\t\t\t\t\t\t<div class=\"blog-content-excerpt\">\n\t\t\t\t\t\t\t\t\t\t\t\t\t\t\t<p class=\"blog-short-content\">Wir w\u00fcnschen Euch einen guten Start ins neue Jahr! Hinter uns liegt ein ereignisreiches Jahr. Es hat uns gezeigt wie...<\/p>\n\t\t\t\t\t\t\t\t<a href=\"https:\/\/www.weingut-fuhrmann.de\/index.php\/blog-post\/einen-guten-start-ins-neue-jahr\/\" class=\"blog-more-link\"> Lesen Sie weiter<\/a>\n\t\t\t\t\t\t\t\t\t\t\t\t\t<\/div>\n\t\t\t\t\t\t\t\t\t\t\t<\/div>\n\t\t\t\t<\/div>\n\t\t\t<\/div>\n\t\t<\/div>\n\t\t\t\t<div id=\"post-5181\" class=\"blog type-blog blog-clearfix wpbaw-blog-class blog-col-0 has-date has-thumb\">\n\t\t\t<div class=\"blog-inner-wrap-view blog-clearfix\">\n\t\t\t\t\t\t\t\t\t<div class=\"blog-thumb\">\n\t\t\t\t\t\t<div class=\"grid-blog-thumb\">\n\t\t\t\t\t\t\t<a href=\"https:\/\/www.weingut-fuhrmann.de\/index.php\/blog-post\/herbstlicher-apfelkuchen\/\"><img decoding=\"async\" class=\"wpbaw-blog-img\" src=\"https:\/\/www.weingut-fuhrmann.de\/wp-content\/uploads\/2020\/11\/IMG_20201106_154016-scaled-e1605000644784-1024x678.jpg\" alt=\"Herbstlicher Apfelkuchen\"\/><\/a>\n\t\t\t\t\t\t<\/div>\n\t\t\t\t\t<\/div>\n\t\t\t\t\n\t\t\t\t<div class=\"blog-content\">\n\t\t\t\t\t\t\t\t\t\t\t\t<div class=\"blog-author\">\n\t\t\t\t\t\t\t\t10. November 2020\t\t\t\t\t\t\t<\/div>\n\t\t\t\t\t\t\n\t\t\t\t\t<div class=\"post-content-text\">\n\t\t\t\t\t\t\t\t\t\t\t\t<h3 class=\"blog-title\"><a href=\"https:\/\/www.weingut-fuhrmann.de\/index.php\/blog-post\/herbstlicher-apfelkuchen\/\" rel=\"bookmark\">Herbstlicher Apfelkuchen<\/a><\/h3>\n\t\t\t\t\t\t\t\t\t\t\t\t<div class=\"blog-content-excerpt\">\n\t\t\t\t\t\t\t\t\t\t\t\t\t\t\t<p class=\"blog-short-content\">F\u00fcr den Teig (ausreichend f\u00fcr ein Backblech) 250 g Butter150 g Zucker1 PK Vanillezucker5 Eier200 g Mehl100 g Mandeln gemahlen1...<\/p>\n\t\t\t\t\t\t\t\t<a href=\"https:\/\/www.weingut-fuhrmann.de\/index.php\/blog-post\/herbstlicher-apfelkuchen\/\" class=\"blog-more-link\"> Lesen Sie weiter<\/a>\n\t\t\t\t\t\t\t\t\t\t\t\t\t<\/div>\n\t\t\t\t\t\t\t\t\t\t\t<\/div>\n\t\t\t\t<\/div>\n\t\t\t<\/div>\n\t\t<\/div>\n\t\t\t\t<div id=\"post-4842\" class=\"blog type-blog blog-clearfix wpbaw-blog-class blog-col-0 has-date has-thumb\">\n\t\t\t<div class=\"blog-inner-wrap-view blog-clearfix\">\n\t\t\t\t\t\t\t\t\t<div class=\"blog-thumb\">\n\t\t\t\t\t\t<div class=\"grid-blog-thumb\">\n\t\t\t\t\t\t\t<a href=\"https:\/\/www.weingut-fuhrmann.de\/index.php\/blog-post\/grillschinken-carpaccio-mit-walnuss-petersilien-vinaigrette\/\"><img decoding=\"async\" class=\"wpbaw-blog-img\" src=\"https:\/\/www.weingut-fuhrmann.de\/wp-content\/uploads\/2020\/07\/IMG_20200622_191350-scaled-e1595654223258-779x1024.jpg\" alt=\"Grillschinken-Carpaccio mit Walnuss-Petersilien-Vinaigrette\"\/><\/a>\n\t\t\t\t\t\t<\/div>\n\t\t\t\t\t<\/div>\n\t\t\t\t\n\t\t\t\t<div class=\"blog-content\">\n\t\t\t\t\t\t\t\t\t\t\t\t<div class=\"blog-author\">\n\t\t\t\t\t\t\t\t25. Juli 2020\t\t\t\t\t\t\t<\/div>\n\t\t\t\t\t\t\n\t\t\t\t\t<div class=\"post-content-text\">\n\t\t\t\t\t\t\t\t\t\t\t\t<h3 class=\"blog-title\"><a href=\"https:\/\/www.weingut-fuhrmann.de\/index.php\/blog-post\/grillschinken-carpaccio-mit-walnuss-petersilien-vinaigrette\/\" rel=\"bookmark\">Grillschinken-Carpaccio mit Walnuss-Petersilien-Vinaigrette<\/a><\/h3>\n\t\t\t\t\t\t\t\t\t\t\t\t<div class=\"blog-content-excerpt\">\n\t\t\t\t\t\t\t\t\t\t\t\t\t\t\t<p class=\"blog-short-content\">Zutaten f\u00fcr 4 Personen: 300 g Grillschinken mit Pfeffer3 El WalnusskerneSalz\u00bd bis 1 El Honig3 EL milder Wei\u00dfweinessig5 El Oliven\u00f6l1...<\/p>\n\t\t\t\t\t\t\t\t<a href=\"https:\/\/www.weingut-fuhrmann.de\/index.php\/blog-post\/grillschinken-carpaccio-mit-walnuss-petersilien-vinaigrette\/\" class=\"blog-more-link\"> Lesen Sie weiter<\/a>\n\t\t\t\t\t\t\t\t\t\t\t\t\t<\/div>\n\t\t\t\t\t\t\t\t\t\t\t<\/div>\n\t\t\t\t<\/div>\n\t\t\t<\/div>\n\t\t<\/div>\n\t\t\t\t<div id=\"post-4678\" class=\"blog type-blog blog-clearfix wpbaw-blog-class blog-col-0 has-date has-thumb\">\n\t\t\t<div class=\"blog-inner-wrap-view blog-clearfix\">\n\t\t\t\t\t\t\t\t\t<div class=\"blog-thumb\">\n\t\t\t\t\t\t<div class=\"grid-blog-thumb\">\n\t\t\t\t\t\t\t<a href=\"https:\/\/www.weingut-fuhrmann.de\/index.php\/blog-post\/spass-am-leben\/\"><img decoding=\"async\" class=\"wpbaw-blog-img\" src=\"https:\/\/www.weingut-fuhrmann.de\/wp-content\/uploads\/2020\/05\/IMG_20200521_073228-1024x768.jpg\" alt=\"Spa\u00df am Leben\"\/><\/a>\n\t\t\t\t\t\t<\/div>\n\t\t\t\t\t<\/div>\n\t\t\t\t\n\t\t\t\t<div class=\"blog-content\">\n\t\t\t\t\t\t\t\t\t\t\t\t<div class=\"blog-author\">\n\t\t\t\t\t\t\t\t22. Mai 2020\t\t\t\t\t\t\t<\/div>\n\t\t\t\t\t\t\n\t\t\t\t\t<div class=\"post-content-text\">\n\t\t\t\t\t\t\t\t\t\t\t\t<h3 class=\"blog-title\"><a href=\"https:\/\/www.weingut-fuhrmann.de\/index.php\/blog-post\/spass-am-leben\/\" rel=\"bookmark\">Spa\u00df am Leben<\/a><\/h3>\n\t\t\t\t\t\t\t\t\t\t\t\t<div class=\"blog-content-excerpt\">\n\t\t\t\t\t\t\t\t\t\t\t\t\t\t\t<p class=\"blog-short-content\">Die Idee zu diesem besonderen Wein ist schon im letzten Jahr entstanden. Aber manche Dinge ben\u00f6tigen einfach etwas mehr Zeit....<\/p>\n\t\t\t\t\t\t\t\t<a href=\"https:\/\/www.weingut-fuhrmann.de\/index.php\/blog-post\/spass-am-leben\/\" class=\"blog-more-link\"> Lesen Sie weiter<\/a>\n\t\t\t\t\t\t\t\t\t\t\t\t\t<\/div>\n\t\t\t\t\t\t\t\t\t\t\t<\/div>\n\t\t\t\t<\/div>\n\t\t\t<\/div>\n\t\t<\/div>\n\t\t\t<\/div>\n\t\n\t\t<div class=\"blog_pagination blog-clearfix wpbaw-numeric\">\n\t\t<span aria-current=\"page\" class=\"page-numbers current\">1<\/span>\n<a class=\"page-numbers\" href=\"https:\/\/www.weingut-fuhrmann.de\/index.php\/wp-json\/wp\/v2\/pages\/144\/page\/2\/#wpbaw-blog-1\">2<\/a>\n<a class=\"next page-numbers\" href=\"https:\/\/www.weingut-fuhrmann.de\/index.php\/wp-json\/wp\/v2\/pages\/144\/page\/2\/#wpbaw-blog-1\">Next &raquo;<\/a>\t<\/div>\n\t<\/div>\n\t\t\t\t\t\t<\/div>\n\t\t\t\t<\/div>\n\t\t\t\t\t<\/div>\n\t\t<\/div>\n\t\t\t\t\t<\/div>\n\t\t<\/section>\n\t\t\t\t<\/div>\n\t\t","protected":false},"excerpt":{"rendered":"","protected":false},"author":2,"featured_media":5173,"parent":0,"menu_order":0,"comment_status":"closed","ping_status":"closed","template":"page-templates\/template-fullwidth.php","meta":{"footnotes":""},"class_list":["post-144","page","type-page","status-publish","has-post-thumbnail","hentry"],"_links":{"self":[{"href":"https:\/\/www.weingut-fuhrmann.de\/index.php\/wp-json\/wp\/v2\/pages\/144","targetHints":{"allow":["GET"]}}],"collection":[{"href":"https:\/\/www.weingut-fuhrmann.de\/index.php\/wp-json\/wp\/v2\/pages"}],"about":[{"href":"https:\/\/www.weingut-fuhrmann.de\/index.php\/wp-json\/wp\/v2\/types\/page"}],"author":[{"embeddable":true,"href":"https:\/\/www.weingut-fuhrmann.de\/index.php\/wp-json\/wp\/v2\/users\/2"}],"replies":[{"embeddable":true,"href":"https:\/\/www.weingut-fuhrmann.de\/index.php\/wp-json\/wp\/v2\/comments?post=144"}],"version-history":[{"count":61,"href":"https:\/\/www.weingut-fuhrmann.de\/index.php\/wp-json\/wp\/v2\/pages\/144\/revisions"}],"predecessor-version":[{"id":5178,"href":"https:\/\/www.weingut-fuhrmann.de\/index.php\/wp-json\/wp\/v2\/pages\/144\/revisions\/5178"}],"wp:featuredmedia":[{"embeddable":true,"href":"https:\/\/www.weingut-fuhrmann.de\/index.php\/wp-json\/wp\/v2\/media\/5173"}],"wp:attachment":[{"href":"https:\/\/www.weingut-fuhrmann.de\/index.php\/wp-json\/wp\/v2\/media?parent=144"}],"curies":[{"name":"wp","href":"https:\/\/api.w.org\/{rel}","templated":true}]}}